{"id":14,"date":"2014-03-28T19:40:02","date_gmt":"2014-03-28T15:40:02","guid":{"rendered":"http:\/\/annierun.net\/blog\/?page_id=14"},"modified":"2026-04-05T05:00:45","modified_gmt":"2026-04-05T01:00:45","slug":"bienvenue","status":"publish","type":"page","link":"https:\/\/annierun.net\/blog\/","title":{"rendered":"Bienvenue"},"content":{"rendered":"<div class=\"wp-block-image\">\n<figure class=\"alignleft\"><a href=\"https:\/\/annierun.net\/blog\/category\/fiction\/\"><img data-recalc-dims=\"1\" loading=\"lazy\" decoding=\"async\" width=\"300\" height=\"212\" data-attachment-id=\"1035\" data-permalink=\"https:\/\/annierun.net\/blog\/bienvenue\/fiction\/#main\" data-orig-file=\"https:\/\/i0.wp.com\/annierun.net\/blog\/wp-content\/uploads\/2014\/03\/Fiction.jpg?fit=340%2C240&amp;ssl=1\" data-orig-size=\"340,240\" data-comments-opened=\"1\" data-image-meta=\"{&quot;aperture&quot;:&quot;0&quot;,&quot;credit&quot;:&quot;&quot;,&quot;camera&quot;:&quot;&quot;,&quot;caption&quot;:&quot;&quot;,&quot;created_timestamp&quot;:&quot;0&quot;,&quot;copyright&quot;:&quot;&quot;,&quot;focal_length&quot;:&quot;0&quot;,&quot;iso&quot;:&quot;0&quot;,&quot;shutter_speed&quot;:&quot;0&quot;,&quot;title&quot;:&quot;&quot;,&quot;orientation&quot;:&quot;0&quot;}\" data-image-title=\"Fiction\" data-image-description=\"\" data-image-caption=\"\" data-medium-file=\"https:\/\/i0.wp.com\/annierun.net\/blog\/wp-content\/uploads\/2014\/03\/Fiction.jpg?fit=300%2C212&amp;ssl=1\" data-large-file=\"https:\/\/i0.wp.com\/annierun.net\/blog\/wp-content\/uploads\/2014\/03\/Fiction.jpg?fit=340%2C240&amp;ssl=1\" src=\"https:\/\/i0.wp.com\/annierun.net\/blog\/wp-content\/uploads\/2014\/03\/Fiction.jpg?resize=300%2C212&#038;ssl=1\" alt=\"\" class=\"wp-image-1035\" title=\"C\u00f4t\u00e9 Fiction\" srcset=\"https:\/\/i0.wp.com\/annierun.net\/blog\/wp-content\/uploads\/2014\/03\/Fiction.jpg?resize=300%2C212&amp;ssl=1 300w, https:\/\/i0.wp.com\/annierun.net\/blog\/wp-content\/uploads\/2014\/03\/Fiction.jpg?w=340&amp;ssl=1 340w\" sizes=\"auto, (max-width: 300px) 100vw, 300px\" \/><\/a><\/figure>\n<\/div>\n\n\n<p>De 2014 \u00e0 2017, j&rsquo;ai \u00e9crit dans ce blog une histoire en cinq parties que j&rsquo;ai appel\u00e9e \u00ab\u00a0Le cycle d&rsquo;\u00c9lisa\u00a0\u00bb.<\/p>\n\n\n\n<p>Je m&rsquo;\u00e9tais lanc\u00e9 un d\u00e9fi : un chapitre par semaine, en deux langues : Fran\u00e7ais et Anglais<br>Je me suis beaucoup amus\u00e9e \u00e0 cr\u00e9er mon univers\u2026 et \u00e0 malmener mes personnages.<\/p>\n\n\n\n<p>Depuis juin 2024, j\u2019ai repris l&rsquo;histoire avec l\u2019aide d\u2019un coach litt\u00e9raire qui m\u2019accompagne dans ma progression.<\/p>\n\n\n\n<p>Un an et demi plus tard, la r\u00e9\u00e9criture de la partie III s\u2019ach\u00e8ve : tout \u00e0 tellement \u00e9volu\u00e9 !<\/p>\n\n\n\n<p>Alors j&rsquo;ai d\u00e9cid\u00e9 de tout mettre hors ligne. Mais finalement, cette mati\u00e8re premi\u00e8re, c&rsquo;est un t\u00e9moignage du pass\u00e9 que je ne peux me r\u00e9soudre \u00e0 effacer. Je suis en train de la remettre en place petit \u00e0 petit, en r\u00e9glant au passage un gros soucis technique au niveau de la gestion des langues.<\/p>\n\n\n\n<p>Quand tout sera fini, je reprendrai plus r\u00e9guli\u00e8rement ce blog.<\/p>\n\n\n\n<p>De quoi parle l&rsquo;histoire ?<\/p>\n\n\n\n<p>Au XXVe si\u00e8cle sur la Terre, une jeune femme gagne \u00e0 la loterie <em data-start=\"372\" data-end=\"403\">Trois plan\u00e8tes, trois voyages<\/em>. C\u2019est le d\u00e9but de l\u2019aventure pour \u00c9lisa Duchemin, qui peut enfin r\u00e9aliser son r\u00eave : envoyer son esprit \u00e0 travers les \u00e9toiles pour d\u00e9couvrir d\u2019autres civilisations.<\/p>\n\n\n\n<p>Jusqu\u2019au jour o\u00f9 tout d\u00e9rape : <span style=\"font-family: -apple-system, BlinkMacSystemFont, 'Segoe UI', Roboto, Oxygen-Sans, Ubuntu, Cantarell, 'Helvetica Neue', sans-serif;\">\u00c9lisa ne peut plus revenir. Pour combien de temps ?<\/span><\/p>\n","protected":false},"excerpt":{"rendered":"<p>De 2014 \u00e0 2017, j&rsquo;ai \u00e9crit dans ce blog une histoire en cinq parties que j&rsquo;ai appel\u00e9e \u00ab\u00a0Le cycle d&rsquo;\u00c9lisa\u00a0\u00bb. Je m&rsquo;\u00e9tais lanc\u00e9 un d\u00e9fi : un chapitre par semaine, en deux langues : Fran\u00e7ais et AnglaisJe me suis beaucoup&hellip; <a href=\"https:\/\/annierun.net\/blog\/\" class=\"more-link\">Continuer la lecture <span class=\"meta-nav\">&rarr;<\/span><\/a><\/p>\n","protected":false},"author":1,"featured_media":0,"parent":0,"menu_order":0,"comment_status":"open","ping_status":"closed","template":"","meta":{"jetpack_post_was_ever_published":false,"footnotes":""},"class_list":["post-14","page","type-page","status-publish","hentry"],"jetpack_sharing_enabled":true,"jetpack_shortlink":"https:\/\/wp.me\/P4u88f-e","jetpack-related-posts":[{"id":349,"url":"https:\/\/annierun.net\/blog\/le-cycle-delisa\/","url_meta":{"origin":14,"position":0},"title":"Le cycle d&rsquo;\u00c9lisa","author":"Annie","date":"1 octobre 2014","format":false,"excerpt":"\u00c9lisa est une jeune-femme du XXVe si\u00e8cle qui n'a qu'un r\u00eave : voyager dans l'espace. Un jour, elle gagne 12 voyages dans l'espace gr\u00e2ce \u00e0 une loterie. Le r\u00eave devient r\u00e9alit\u00e9. Mais d\u00e8s sa premi\u00e8re tentative quelque chose cloche :\u00a0\u00c9lisa n'est pas tout \u00e0 fait comme tout le monde... Tel\u2026","rel":"","context":"Article similaire","block_context":{"text":"Article similaire","link":""},"img":{"alt_text":"","src":"https:\/\/i0.wp.com\/annierun.net\/blog\/wp-content\/uploads\/2014\/10\/cycleElisa-150x150.jpg?resize=350%2C200","width":350,"height":200},"classes":[]},{"id":22,"url":"https:\/\/annierun.net\/blog\/remerciements\/","url_meta":{"origin":14,"position":1},"title":"Remerciements","author":"Annie","date":"28 mars 2014","format":false,"excerpt":"En cliquant sur les + vous saurez pourquoi :)","rel":"","context":"Avec 2 commentaires","block_context":{"text":"Avec 2 commentaires","link":"https:\/\/annierun.net\/blog\/remerciements\/#comments"},"img":{"alt_text":"","src":"","width":0,"height":0},"classes":[]},{"id":26,"url":"https:\/\/annierun.net\/blog\/a-propos-de-lauteur\/","url_meta":{"origin":14,"position":2},"title":"L&rsquo;auteur","author":"Annie","date":"28 mars 2014","format":false,"excerpt":"Bonjour ! Je m'appelle Annie et je suis Fran\u00e7aise. J'habite \u00e0 La R\u00e9union, une \u00eele volcanique de l'Oc\u00e9an Indien. J'ai \u00e9tudi\u00e9 la biologie \u00e0 Paris VII, il y a fort longtemps. Aujourd'hui, je con\u00e7ois et int\u00e8gre des sites web. Je commence ce blog dans ma 50i\u00e8me ann\u00e9e. Cela faisait un\u2026","rel":"","context":"Avec 2 commentaires","block_context":{"text":"Avec 2 commentaires","link":"https:\/\/annierun.net\/blog\/a-propos-de-lauteur\/#comments"},"img":{"alt_text":"Annie Dumont - 50 ans","src":"https:\/\/i0.wp.com\/annierun.net\/blog\/wp-content\/uploads\/2014\/03\/annie-blog.jpg?resize=350%2C200&ssl=1","width":350,"height":200},"classes":[]},{"id":1892,"url":"https:\/\/annierun.net\/blog\/traductions\/","url_meta":{"origin":14,"position":3},"title":"Traductions","author":"Annie","date":"5 avril 2026","format":false,"excerpt":"Mise \u00e0 part les versions anglaises des chapitres du cycle d'\u00c9lisa, les traductions de ce site ont \u00e9t\u00e9 produites gr\u00e2ce \u00e0 l'intelligence artificielle. Cependant, tous les contenus n'ont pas forc\u00e9ment de traduction.","rel":"","context":"Article similaire","block_context":{"text":"Article similaire","link":""},"img":{"alt_text":"","src":"","width":0,"height":0},"classes":[]},{"id":1156,"url":"https:\/\/annierun.net\/blog\/peintures\/","url_meta":{"origin":14,"position":4},"title":"Peintures","author":"Annie","date":"3 janvier 2018","format":false,"excerpt":"Bienvenue dans ma galerie Cliquez sur une image pour la voir dans son int\u00e9gralit\u00e9, et naviguez dans la galerie en utilisant les fl\u00e8ches de c\u00f4t\u00e9. Bonne visite ! La dompteuse de dragon Entrelacements Roche aux Enchantement Transparence Fleurs sauvages Autre monde Cr\u00e9puscule Tempus fugit L'\u00e9tincelle Passage interdimensionnel Monchagne Bulles Un\u2026","rel":"","context":"Avec 1 commentaire","block_context":{"text":"Avec 1 commentaire","link":"https:\/\/annierun.net\/blog\/peintures\/#comments"},"img":{"alt_text":"","src":"https:\/\/i0.wp.com\/annierun.net\/blog\/wp-content\/uploads\/2019\/09\/bulles.jpg?fit=781%2C1200&ssl=1&resize=350%2C200","width":350,"height":200,"srcset":"https:\/\/i0.wp.com\/annierun.net\/blog\/wp-content\/uploads\/2019\/09\/bulles.jpg?fit=781%2C1200&ssl=1&resize=350%2C200 1x, https:\/\/i0.wp.com\/annierun.net\/blog\/wp-content\/uploads\/2019\/09\/bulles.jpg?fit=781%2C1200&ssl=1&resize=525%2C300 1.5x, https:\/\/i0.wp.com\/annierun.net\/blog\/wp-content\/uploads\/2019\/09\/bulles.jpg?fit=781%2C1200&ssl=1&resize=700%2C400 2x"},"classes":[]}],"jetpack_likes_enabled":true,"_links":{"self":[{"href":"https:\/\/annierun.net\/blog\/wp-json\/wp\/v2\/pages\/14","targetHints":{"allow":["GET"]}}],"collection":[{"href":"https:\/\/annierun.net\/blog\/wp-json\/wp\/v2\/pages"}],"about":[{"href":"https:\/\/annierun.net\/blog\/wp-json\/wp\/v2\/types\/page"}],"author":[{"embeddable":true,"href":"https:\/\/annierun.net\/blog\/wp-json\/wp\/v2\/users\/1"}],"replies":[{"embeddable":true,"href":"https:\/\/annierun.net\/blog\/wp-json\/wp\/v2\/comments?post=14"}],"version-history":[{"count":42,"href":"https:\/\/annierun.net\/blog\/wp-json\/wp\/v2\/pages\/14\/revisions"}],"predecessor-version":[{"id":1720,"href":"https:\/\/annierun.net\/blog\/wp-json\/wp\/v2\/pages\/14\/revisions\/1720"}],"wp:attachment":[{"href":"https:\/\/annierun.net\/blog\/wp-json\/wp\/v2\/media?parent=14"}],"curies":[{"name":"wp","href":"https:\/\/api.w.org\/{rel}","templated":true}]}}