{"id":26,"date":"2014-03-28T20:44:43","date_gmt":"2014-03-28T16:44:43","guid":{"rendered":"http:\/\/annierun.net\/blog\/?page_id=26"},"modified":"2026-04-05T07:53:30","modified_gmt":"2026-04-05T03:53:30","slug":"a-propos-de-lauteur","status":"publish","type":"page","link":"https:\/\/annierun.net\/blog\/a-propos-de-lauteur\/","title":{"rendered":"L&rsquo;auteur"},"content":{"rendered":"<div class=\"wp-block-image\">\n<figure class=\"alignleft\"><a href=\"https:\/\/i0.wp.com\/annierun.net\/blog\/wp-content\/uploads\/2014\/03\/annie-blog.jpg\"><img data-recalc-dims=\"1\" loading=\"lazy\" decoding=\"async\" width=\"150\" height=\"150\" data-attachment-id=\"28\" data-permalink=\"https:\/\/annierun.net\/blog\/a-propos-de-lauteur\/annie-blog\/#main\" data-orig-file=\"https:\/\/i0.wp.com\/annierun.net\/blog\/wp-content\/uploads\/2014\/03\/annie-blog.jpg?fit=401%2C401&amp;ssl=1\" data-orig-size=\"401,401\" data-comments-opened=\"1\" data-image-meta=\"{&quot;aperture&quot;:&quot;0&quot;,&quot;credit&quot;:&quot;&quot;,&quot;camera&quot;:&quot;&quot;,&quot;caption&quot;:&quot;&quot;,&quot;created_timestamp&quot;:&quot;0&quot;,&quot;copyright&quot;:&quot;&quot;,&quot;focal_length&quot;:&quot;0&quot;,&quot;iso&quot;:&quot;0&quot;,&quot;shutter_speed&quot;:&quot;0&quot;,&quot;title&quot;:&quot;&quot;}\" data-image-title=\"annie-blog\" data-image-description=\"\" data-image-caption=\"\" data-large-file=\"https:\/\/i0.wp.com\/annierun.net\/blog\/wp-content\/uploads\/2014\/03\/annie-blog.jpg?fit=401%2C401&amp;ssl=1\" src=\"https:\/\/i0.wp.com\/annierun.net\/blog\/wp-content\/uploads\/2014\/03\/annie-blog-150x150.jpg?resize=150%2C150\" alt=\"Photo de l'auteur\" class=\"wp-image-28\" srcset=\"https:\/\/i0.wp.com\/annierun.net\/blog\/wp-content\/uploads\/2014\/03\/annie-blog.jpg?resize=150%2C150&amp;ssl=1 150w, https:\/\/i0.wp.com\/annierun.net\/blog\/wp-content\/uploads\/2014\/03\/annie-blog.jpg?resize=300%2C300&amp;ssl=1 300w, https:\/\/i0.wp.com\/annierun.net\/blog\/wp-content\/uploads\/2014\/03\/annie-blog.jpg?w=401&amp;ssl=1 401w\" sizes=\"auto, (max-width: 150px) 100vw, 150px\" \/><\/a><\/figure>\n<\/div>\n\n\n<p>Bonjour !<\/p>\n\n\n\n<p>Je m&rsquo;appelle Annie et je suis Fran\u00e7aise. J&rsquo;habite \u00e0 La R\u00e9union, une \u00eele volcanique de l&rsquo;Oc\u00e9an Indien. J&rsquo;ai \u00e9tudi\u00e9 la biologie \u00e0 Paris VII, il y a fort longtemps. Aujourd&rsquo;hui, je con\u00e7ois et int\u00e8gre des sites web.<\/p>\n\n\n\n<p>Je commence ce blog dans ma 50i\u00e8me ann\u00e9e. Cela faisait un bail que j&rsquo;avais envie d&rsquo;\u00e9crire, mais franchement, je ne savais pas quoi. Du coup, je n&rsquo;arrivais pas \u00e0 commencer.<\/p>\n\n\n\n<p>Ces derniers temps mes lectures sont surtout des romans policiers &#8211; Islandais pour la plupart. Mais je n&rsquo;ai pas vraiment envie d&rsquo;\u00e9crire sur ce sujet.<\/p>\n\n\n\n<p>Plus jeune j&rsquo;ai lu beaucoup de livres de sciences fiction. J&rsquo;ai commenc\u00e9 avec le cycle des Fondation d&rsquo;Isaac Azimov. Mais apr\u00e8s \u00e7a a \u00e9t\u00e9 assez dur de trouver un auteur qui soit aussi prenant. Alors je suis pass\u00e9e \u00e0 autre chose et j&rsquo;ai lu un peu de tout.<\/p>\n\n\n\n<p>Aujourd&rsquo;hui, je d\u00e9vore \u00e0 nouveau de la science-fiction mais \u00e0 la t\u00e9l\u00e9. Merci \u00e0 Doctor Who, la s\u00e9rie la plus addictive qu&rsquo;il m&rsquo;ait \u00e9t\u00e9 donn\u00e9 de voir depuis fort longtemps. J&rsquo;adore ces histoires de m\u00e9li-m\u00e9lo spatio-temporel. Mais un peu trop compliqu\u00e9es pour moi, alors pour l&rsquo;histoire que je vais raconter, je m&rsquo;arr\u00eaterai \u00e0 la dimension spatiale. On verra d\u00e9j\u00e0 ce que \u00e7a donne.<br>C&rsquo;est un blog d&rsquo;entrainement, ne l&rsquo;oublions pas \ud83d\ude09<\/p>\n\n\n\n<p><!--:--><!--:en--><\/p>\n\n\n\n<p><!--:--><\/p>\n","protected":false},"excerpt":{"rendered":"<p>Bonjour ! Je m&rsquo;appelle Annie et je suis Fran\u00e7aise. J&rsquo;habite \u00e0 La R\u00e9union, une \u00eele volcanique de l&rsquo;Oc\u00e9an Indien. J&rsquo;ai \u00e9tudi\u00e9 la biologie \u00e0 Paris VII, il y a fort longtemps. Aujourd&rsquo;hui, je con\u00e7ois et int\u00e8gre des sites web. Je&hellip; <a href=\"https:\/\/annierun.net\/blog\/a-propos-de-lauteur\/\" class=\"more-link\">Continuer la lecture <span class=\"meta-nav\">&rarr;<\/span><\/a><\/p>\n","protected":false},"author":1,"featured_media":0,"parent":0,"menu_order":0,"comment_status":"open","ping_status":"closed","template":"","meta":{"jetpack_post_was_ever_published":false,"footnotes":""},"class_list":["post-26","page","type-page","status-publish","hentry"],"jetpack_sharing_enabled":true,"jetpack_shortlink":"https:\/\/wp.me\/P4u88f-q","jetpack-related-posts":[{"id":22,"url":"https:\/\/annierun.net\/blog\/remerciements\/","url_meta":{"origin":26,"position":0},"title":"Remerciements","author":"Annie","date":"28 mars 2014","format":false,"excerpt":"En cliquant sur les + vous saurez pourquoi :)","rel":"","context":"Avec 2 commentaires","block_context":{"text":"Avec 2 commentaires","link":"https:\/\/annierun.net\/blog\/remerciements\/#comments"},"img":{"alt_text":"","src":"","width":0,"height":0},"classes":[]},{"id":1156,"url":"https:\/\/annierun.net\/blog\/peintures\/","url_meta":{"origin":26,"position":1},"title":"Peintures","author":"Annie","date":"3 janvier 2018","format":false,"excerpt":"Bienvenue dans ma galerie Cliquez sur une image pour la voir dans son int\u00e9gralit\u00e9, et naviguez dans la galerie en utilisant les fl\u00e8ches de c\u00f4t\u00e9. Bonne visite ! La dompteuse de dragon Entrelacements Roche aux Enchantement Transparence Fleurs sauvages Autre monde Cr\u00e9puscule Tempus fugit L'\u00e9tincelle Passage interdimensionnel Monchagne Bulles Un\u2026","rel":"","context":"Avec 1 commentaire","block_context":{"text":"Avec 1 commentaire","link":"https:\/\/annierun.net\/blog\/peintures\/#comments"},"img":{"alt_text":"","src":"https:\/\/i0.wp.com\/annierun.net\/blog\/wp-content\/uploads\/2019\/09\/bulles.jpg?fit=781%2C1200&ssl=1&resize=350%2C200","width":350,"height":200,"srcset":"https:\/\/i0.wp.com\/annierun.net\/blog\/wp-content\/uploads\/2019\/09\/bulles.jpg?fit=781%2C1200&ssl=1&resize=350%2C200 1x, https:\/\/i0.wp.com\/annierun.net\/blog\/wp-content\/uploads\/2019\/09\/bulles.jpg?fit=781%2C1200&ssl=1&resize=525%2C300 1.5x, https:\/\/i0.wp.com\/annierun.net\/blog\/wp-content\/uploads\/2019\/09\/bulles.jpg?fit=781%2C1200&ssl=1&resize=700%2C400 2x"},"classes":[]},{"id":349,"url":"https:\/\/annierun.net\/blog\/le-cycle-delisa\/","url_meta":{"origin":26,"position":2},"title":"Le cycle d&rsquo;\u00c9lisa","author":"Annie","date":"1 octobre 2014","format":false,"excerpt":"\u00c9lisa est une jeune-femme du XXVe si\u00e8cle qui n'a qu'un r\u00eave : voyager dans l'espace. Un jour, elle gagne 12 voyages dans l'espace gr\u00e2ce \u00e0 une loterie. Le r\u00eave devient r\u00e9alit\u00e9. Mais d\u00e8s sa premi\u00e8re tentative quelque chose cloche :\u00a0\u00c9lisa n'est pas tout \u00e0 fait comme tout le monde... Tel\u2026","rel":"","context":"Article similaire","block_context":{"text":"Article similaire","link":""},"img":{"alt_text":"","src":"https:\/\/i0.wp.com\/annierun.net\/blog\/wp-content\/uploads\/2014\/10\/cycleElisa-150x150.jpg?resize=350%2C200","width":350,"height":200},"classes":[]},{"id":1892,"url":"https:\/\/annierun.net\/blog\/traductions\/","url_meta":{"origin":26,"position":3},"title":"Traductions","author":"Annie","date":"5 avril 2026","format":false,"excerpt":"Mise \u00e0 part les versions anglaises des chapitres du cycle d'\u00c9lisa, les traductions de ce site ont \u00e9t\u00e9 produites gr\u00e2ce \u00e0 l'intelligence artificielle. Cependant, tous les contenus n'ont pas forc\u00e9ment de traduction.","rel":"","context":"Article similaire","block_context":{"text":"Article similaire","link":""},"img":{"alt_text":"","src":"","width":0,"height":0},"classes":[]}],"jetpack_likes_enabled":true,"_links":{"self":[{"href":"https:\/\/annierun.net\/blog\/wp-json\/wp\/v2\/pages\/26","targetHints":{"allow":["GET"]}}],"collection":[{"href":"https:\/\/annierun.net\/blog\/wp-json\/wp\/v2\/pages"}],"about":[{"href":"https:\/\/annierun.net\/blog\/wp-json\/wp\/v2\/types\/page"}],"author":[{"embeddable":true,"href":"https:\/\/annierun.net\/blog\/wp-json\/wp\/v2\/users\/1"}],"replies":[{"embeddable":true,"href":"https:\/\/annierun.net\/blog\/wp-json\/wp\/v2\/comments?post=26"}],"version-history":[{"count":15,"href":"https:\/\/annierun.net\/blog\/wp-json\/wp\/v2\/pages\/26\/revisions"}],"predecessor-version":[{"id":1763,"href":"https:\/\/annierun.net\/blog\/wp-json\/wp\/v2\/pages\/26\/revisions\/1763"}],"wp:attachment":[{"href":"https:\/\/annierun.net\/blog\/wp-json\/wp\/v2\/media?parent=26"}],"curies":[{"name":"wp","href":"https:\/\/api.w.org\/{rel}","templated":true}]}}