{"id":349,"date":"2014-10-01T21:41:35","date_gmt":"2014-10-01T17:41:35","guid":{"rendered":"http:\/\/annierun.net\/blog\/?page_id=349"},"modified":"2026-04-05T14:53:08","modified_gmt":"2026-04-05T10:53:08","slug":"le-cycle-delisa","status":"publish","type":"page","link":"https:\/\/annierun.net\/blog\/le-cycle-delisa\/","title":{"rendered":"Le cycle d&rsquo;\u00c9lisa"},"content":{"rendered":"<div class=\"wp-block-image is-style-default\">\n<figure class=\"alignleft\"><a href=\"https:\/\/i0.wp.com\/annierun.net\/blog\/wp-content\/uploads\/2014\/10\/cycleElisa.jpg\"><img data-recalc-dims=\"1\" loading=\"lazy\" decoding=\"async\" width=\"150\" height=\"150\" data-attachment-id=\"822\" data-permalink=\"https:\/\/annierun.net\/blog\/le-cycle-delisa\/cycleelisa\/#main\" data-orig-file=\"https:\/\/i0.wp.com\/annierun.net\/blog\/wp-content\/uploads\/2014\/10\/cycleElisa.jpg?fit=340%2C240&amp;ssl=1\" data-orig-size=\"340,240\" data-comments-opened=\"1\" data-image-meta=\"{&quot;aperture&quot;:&quot;0&quot;,&quot;credit&quot;:&quot;&quot;,&quot;camera&quot;:&quot;&quot;,&quot;caption&quot;:&quot;&quot;,&quot;created_timestamp&quot;:&quot;0&quot;,&quot;copyright&quot;:&quot;&quot;,&quot;focal_length&quot;:&quot;0&quot;,&quot;iso&quot;:&quot;0&quot;,&quot;shutter_speed&quot;:&quot;0&quot;,&quot;title&quot;:&quot;&quot;,&quot;orientation&quot;:&quot;0&quot;}\" data-image-title=\"cycleElisa\" data-image-description=\"\" data-image-caption=\"&lt;p&gt;Le Cycle d\u2019\u00c9lisa&lt;\/p&gt;\n\" data-large-file=\"https:\/\/i0.wp.com\/annierun.net\/blog\/wp-content\/uploads\/2014\/10\/cycleElisa.jpg?fit=340%2C240&amp;ssl=1\" src=\"https:\/\/i0.wp.com\/annierun.net\/blog\/wp-content\/uploads\/2014\/10\/cycleElisa-150x150.jpg?resize=150%2C150\" alt=\"\" class=\"wp-image-822\" srcset=\"https:\/\/i0.wp.com\/annierun.net\/blog\/wp-content\/uploads\/2014\/10\/cycleElisa.jpg?resize=150%2C150&amp;ssl=1 150w, https:\/\/i0.wp.com\/annierun.net\/blog\/wp-content\/uploads\/2014\/10\/cycleElisa.jpg?resize=144%2C144&amp;ssl=1 144w, https:\/\/i0.wp.com\/annierun.net\/blog\/wp-content\/uploads\/2014\/10\/cycleElisa.jpg?resize=50%2C50&amp;ssl=1 50w, https:\/\/i0.wp.com\/annierun.net\/blog\/wp-content\/uploads\/2014\/10\/cycleElisa.jpg?zoom=2&amp;resize=150%2C150&amp;ssl=1 300w\" sizes=\"auto, (max-width: 150px) 100vw, 150px\" \/><\/a><\/figure>\n<\/div>\n\n\n<p><em>\u00c9lisa est une jeune-femme du XXVe si\u00e8cle qui n&rsquo;a qu&rsquo;un r\u00eave : voyager dans l&rsquo;espace. Un jour, elle gagne 12 voyages dans l&rsquo;espace gr\u00e2ce \u00e0 une loterie. Le r\u00eave devient r\u00e9alit\u00e9. Mais d\u00e8s sa premi\u00e8re tentative quelque chose cloche :&nbsp;\u00c9lisa n&rsquo;est pas tout \u00e0 fait comme tout le monde&#8230;<\/em><\/p>\n\n\n\n<p>Tel \u00e9tait le pitch de cette histoire qui a commenc\u00e9 en 2014, un 1er avril. <\/p>\n\n\n\n<p>Je me suis lanc\u00e9e au rythme d\u2019un chapitre par semaine, en deux langues. C\u2019\u00e9tait mon d\u00e9fi de l\u2019\u00e9poque. Il vaut ce qu\u2019il vaut, mais je ne veux pas l\u2019effacer. J\u2019y suis attach\u00e9e.<\/p>\n\n\n\n<p>Cependant, suite \u00e0 un souci technique, j\u2019ai d\u00fb me r\u00e9soudre \u00e0 la mettre hors ligne.<br>\u00c0 partir de cette page, je vais petit \u00e0 petit republier ce premier jet, qui constitue la base de ma r\u00e9\u00e9criture actuelle.<\/p>\n\n\n\n<p>Voici donc les cinq volumes que j\u2019ai \u00e9crits \u00e0 l\u2019\u00e9poque. Les accord\u00e9ons se rempliront peu \u00e0 peu, \u00e0 mon rythme.<\/p>\n\n\n\n<div data-wp-context=\"{ &quot;autoclose&quot;: false, &quot;accordionItems&quot;: [] }\" data-wp-interactive=\"core\/accordion\" role=\"group\" class=\"wp-block-accordion is-layout-flow wp-block-accordion-is-layout-flow\">\n<div data-wp-class--is-open=\"state.isOpen\" data-wp-context=\"{ &quot;id&quot;: &quot;accordion-item-2&quot;, &quot;openByDefault&quot;: false }\" data-wp-init=\"callbacks.initAccordionItems\" data-wp-on-window--hashchange=\"callbacks.hashChange\" class=\"wp-block-accordion-item is-layout-flow wp-block-accordion-item-is-layout-flow\">\n<h3 class=\"wp-block-accordion-heading\"><button aria-expanded=\"false\" aria-controls=\"accordion-item-2-panel\" data-wp-bind--aria-expanded=\"state.isOpen\" data-wp-on--click=\"actions.toggle\" data-wp-on--keydown=\"actions.handleKeyDown\" id=\"accordion-item-2\" type=\"button\" class=\"wp-block-accordion-heading__toggle\"><span class=\"wp-block-accordion-heading__toggle-title\">Quand on y pense<\/span><span class=\"wp-block-accordion-heading__toggle-icon\" aria-hidden=\"true\">+<\/span><\/button><\/h3>\n\n\n\n<div inert aria-labelledby=\"accordion-item-2\" data-wp-bind--inert=\"!state.isOpen\" id=\"accordion-item-2-panel\" role=\"region\" class=\"wp-block-accordion-panel is-layout-flow wp-block-accordion-panel-is-layout-flow\">\n<ul class=\"wp-block-list\">\n<li><a href=\"https:\/\/annierun.net\/blog\/2014\/04\/chapitre-1-les-fouines\/\" data-type=\"link\" data-id=\"https:\/\/annierun.net\/blog\/2014\/04\/chapitre-1-les-fouines\/\">Chapitre 1 &#8211; les fouines<\/a><\/li>\n\n\n\n<li><a href=\"https:\/\/annierun.net\/blog\/2014\/04\/chapitre-2-un-coup-de-fil-de-maman\/\" data-type=\"post\" data-id=\"87\">Chapitre 2 &#8211; Un coup de fil de maman<\/a><\/li>\n\n\n\n<li><a href=\"https:\/\/annierun.net\/blog\/2014\/04\/chapitre-3-avec-les-amis\/\" data-type=\"post\" data-id=\"107\">Chapitre 3 &#8211; Avec les amis<\/a><\/li>\n\n\n\n<li><a href=\"https:\/\/annierun.net\/blog\/2014\/04\/chapitre-4-proxiterra\/\" data-type=\"post\" data-id=\"112\">Chapitre 4 &#8211; Proxiterra<\/a><\/li>\n\n\n\n<li><a href=\"https:\/\/annierun.net\/blog\/2014\/04\/chapitre-5-lentrainement\/\" data-type=\"post\" data-id=\"117\">Chapitre 5 &#8211; L&rsquo;entrainement<\/a><\/li>\n\n\n\n<li><a href=\"https:\/\/annierun.net\/blog\/2014\/05\/chapitre-6-premier-voyage\/\" data-type=\"post\" data-id=\"135\">Chapitre 6 &#8211; Premier voyage<\/a><\/li>\n\n\n\n<li><a href=\"https:\/\/annierun.net\/blog\/2014\/05\/chapitre-7-nouvel-essai\/\" data-type=\"post\" data-id=\"158\">Chapitre 7 &#8211; Nouvel essai<\/a><\/li>\n\n\n\n<li><a href=\"https:\/\/annierun.net\/blog\/2014\/05\/chapitre-8-deuxieme-voyage\/\" data-type=\"post\" data-id=\"168\">Chapitre 8 &#8211; Deuxi\u00e8me voyage<\/a><\/li>\n\n\n\n<li><a href=\"https:\/\/annierun.net\/blog\/2014\/05\/chapitre-9-le-passage\/\" data-type=\"post\" data-id=\"192\">Chapitre 9 &#8211; Le passage<\/a><\/li>\n\n\n\n<li><a href=\"https:\/\/annierun.net\/blog\/2014\/06\/chapitre-10-lattente\/\" data-type=\"post\" data-id=\"207\">Chapitre 10 &#8211; L&rsquo;attente<\/a><\/li>\n\n\n\n<li><a href=\"https:\/\/annierun.net\/blog\/2014\/06\/chapitre-11-sur-terre\/\" data-type=\"post\" data-id=\"214\">Chapitre 11 &#8211; Sur Terre<\/a><\/li>\n\n\n\n<li><a href=\"https:\/\/annierun.net\/blog\/2014\/06\/chapitre-12-sur-dalygaran-premiere-partie\/\" data-type=\"post\" data-id=\"222\">Chapitre 12 \u2013 Sur Dalygaran \u2013 Premi\u00e8re partie<\/a><\/li>\n\n\n\n<li><a href=\"https:\/\/annierun.net\/blog\/2014\/06\/chapitre-12-sur-dalygaran-seconde-partie\/\" data-type=\"post\" data-id=\"226\">Chapitre 12 \u2013 Sur Dalygaran \u2013 Seconde partie<\/a><\/li>\n\n\n\n<li><a href=\"https:\/\/annierun.net\/blog\/2014\/07\/chapitre-13-revelations\/\" data-type=\"post\" data-id=\"233\">Chapitre 13 &#8211; R\u00e9v\u00e9lations<\/a><\/li>\n\n\n\n<li><a href=\"https:\/\/annierun.net\/blog\/2014\/07\/chapitre-14-le-jour-du-grand-conseil\/\" data-type=\"post\" data-id=\"257\">Chapitre 14 &#8211; Le jour du Grand Conseil<\/a><\/li>\n\n\n\n<li><a href=\"https:\/\/annierun.net\/blog\/2014\/07\/chapitre-15-retour-sur-terre\/\" data-type=\"post\" data-id=\"272\">Chapitre 15 &#8211; Retour sur Terre<\/a><\/li>\n<\/ul>\n\n\n\n<p><\/p>\n\n\n\n<p><\/p>\n<\/div>\n<\/div>\n<\/div>\n\n\n\n<div data-wp-context=\"{ &quot;autoclose&quot;: false, &quot;accordionItems&quot;: [] }\" data-wp-interactive=\"core\/accordion\" role=\"group\" class=\"wp-block-accordion is-layout-flow wp-block-accordion-is-layout-flow\">\n<div data-wp-class--is-open=\"state.isOpen\" data-wp-context=\"{ &quot;id&quot;: &quot;accordion-item-3&quot;, &quot;openByDefault&quot;: false }\" data-wp-init=\"callbacks.initAccordionItems\" data-wp-on-window--hashchange=\"callbacks.hashChange\" class=\"wp-block-accordion-item is-layout-flow wp-block-accordion-item-is-layout-flow\">\n<h3 class=\"wp-block-accordion-heading\"><button aria-expanded=\"false\" aria-controls=\"accordion-item-3-panel\" data-wp-bind--aria-expanded=\"state.isOpen\" data-wp-on--click=\"actions.toggle\" data-wp-on--keydown=\"actions.handleKeyDown\" id=\"accordion-item-3\" type=\"button\" class=\"wp-block-accordion-heading__toggle\"><span class=\"wp-block-accordion-heading__toggle-title\">Question de temps<\/span><span class=\"wp-block-accordion-heading__toggle-icon\" aria-hidden=\"true\">+<\/span><\/button><\/h3>\n\n\n\n<div inert aria-labelledby=\"accordion-item-3\" data-wp-bind--inert=\"!state.isOpen\" id=\"accordion-item-3-panel\" role=\"region\" class=\"wp-block-accordion-panel is-layout-flow wp-block-accordion-panel-is-layout-flow\">\n<p>\u00c9lisa part \u00e0 la recherche d&rsquo;une plante dans le pass\u00e9 Dalygarien : l&rsquo;\u00e9toile du matin<\/p>\n\n\n\n<ul class=\"wp-block-list\">\n<li>Chapitre 1 &#8211; un nouveau d\u00e9part<\/li>\n\n\n\n<li>Chapitre 2 &#8211; Jurassique<\/li>\n\n\n\n<li>Chapitre 3 &#8211; Frigellya<\/li>\n\n\n\n<li>Chapitre 4 &#8211; Surprise !<\/li>\n\n\n\n<li>Chapitre 5 &#8211; Contretemps<\/li>\n\n\n\n<li>Chapitre 6 &#8211; La rencontre<\/li>\n\n\n\n<li>Chapitre 7 &#8211; Christophe<\/li>\n\n\n\n<li>Chapitre 8 &#8211; Interlude<\/li>\n\n\n\n<li>Chapitre 9 &#8211; Le vieil homme<\/li>\n\n\n\n<li>Chapitre 10 &#8211; L&rsquo;\u00e9toile du matin<\/li>\n\n\n\n<li>Chapitre 11 &#8211; Mission accomplie<\/li>\n\n\n\n<li>Chapitre 12 &#8211; Le retour<\/li>\n<\/ul>\n<\/div>\n<\/div>\n<\/div>\n\n\n\n<div data-wp-context=\"{ &quot;autoclose&quot;: false, &quot;accordionItems&quot;: [] }\" data-wp-interactive=\"core\/accordion\" role=\"group\" class=\"wp-block-accordion is-layout-flow wp-block-accordion-is-layout-flow\">\n<div data-wp-class--is-open=\"state.isOpen\" data-wp-context=\"{ &quot;id&quot;: &quot;accordion-item-4&quot;, &quot;openByDefault&quot;: false }\" data-wp-init=\"callbacks.initAccordionItems\" data-wp-on-window--hashchange=\"callbacks.hashChange\" class=\"wp-block-accordion-item is-layout-flow wp-block-accordion-item-is-layout-flow\">\n<h3 class=\"wp-block-accordion-heading\"><button aria-expanded=\"false\" aria-controls=\"accordion-item-4-panel\" data-wp-bind--aria-expanded=\"state.isOpen\" data-wp-on--click=\"actions.toggle\" data-wp-on--keydown=\"actions.handleKeyDown\" id=\"accordion-item-4\" type=\"button\" class=\"wp-block-accordion-heading__toggle\"><span class=\"wp-block-accordion-heading__toggle-title\">L&rsquo;aube d&rsquo;une autre vie<\/span><span class=\"wp-block-accordion-heading__toggle-icon\" aria-hidden=\"true\">+<\/span><\/button><\/h3>\n\n\n\n<div inert aria-labelledby=\"accordion-item-4\" data-wp-bind--inert=\"!state.isOpen\" id=\"accordion-item-4-panel\" role=\"region\" class=\"wp-block-accordion-panel is-layout-flow wp-block-accordion-panel-is-layout-flow\">\n<p>Un personnage fait son grand retour. Avec \u00c9lisa, ils vont trouver qui a provoqu\u00e9 l&rsquo;\u00e9pid\u00e9mie sur Dalygaran.<\/p>\n\n\n\n<ul class=\"wp-block-list\">\n<li>Chapitre 1 &#8211; Retrouvailles<\/li>\n\n\n\n<li>Chapitre 2 &#8211; Un meilleur r\u00e9veil<\/li>\n\n\n\n<li>Chapitre 3 &#8211; Nature r\u00e9v\u00e9l\u00e9e<\/li>\n\n\n\n<li>Chapitre 4 &#8211; Une proposition<\/li>\n\n\n\n<li>Chapitre 5 &#8211; Un r\u00e9veil mouvement\u00e9e<\/li>\n\n\n\n<li>Chapitre 6 &#8211; Une accueil chaleureux<\/li>\n\n\n\n<li>Chapitre 7 &#8211; La f\u00eate<\/li>\n\n\n\n<li>Chapitre 8 &#8211; Une autre proposition<\/li>\n\n\n\n<li>Chapitre 9 &#8211; D\u00e9but d&rsquo;investigation<\/li>\n\n\n\n<li>Chapitre 10 &#8211; Un entrainement particulier<\/li>\n\n\n\n<li>Chapitre 11 &#8211; Fin d&rsquo;investigation<\/li>\n\n\n\n<li>Chapitre 12 &#8211; Une page est tourn\u00e9e<\/li>\n<\/ul>\n<\/div>\n<\/div>\n<\/div>\n\n\n\n<div data-wp-context=\"{ &quot;autoclose&quot;: false, &quot;accordionItems&quot;: [] }\" data-wp-interactive=\"core\/accordion\" role=\"group\" class=\"wp-block-accordion is-layout-flow wp-block-accordion-is-layout-flow\">\n<div data-wp-class--is-open=\"state.isOpen\" data-wp-context=\"{ &quot;id&quot;: &quot;accordion-item-5&quot;, &quot;openByDefault&quot;: false }\" data-wp-init=\"callbacks.initAccordionItems\" data-wp-on-window--hashchange=\"callbacks.hashChange\" class=\"wp-block-accordion-item is-layout-flow wp-block-accordion-item-is-layout-flow\">\n<h3 class=\"wp-block-accordion-heading\"><button aria-expanded=\"false\" aria-controls=\"accordion-item-5-panel\" data-wp-bind--aria-expanded=\"state.isOpen\" data-wp-on--click=\"actions.toggle\" data-wp-on--keydown=\"actions.handleKeyDown\" id=\"accordion-item-5\" type=\"button\" class=\"wp-block-accordion-heading__toggle\"><span class=\"wp-block-accordion-heading__toggle-title\">Question d&rsquo;humanit\u00e9<\/span><span class=\"wp-block-accordion-heading__toggle-icon\" aria-hidden=\"true\">+<\/span><\/button><\/h3>\n\n\n\n<div inert aria-labelledby=\"accordion-item-5\" data-wp-bind--inert=\"!state.isOpen\" id=\"accordion-item-5-panel\" role=\"region\" class=\"wp-block-accordion-panel is-layout-flow wp-block-accordion-panel-is-layout-flow\">\n<p>La nature des deux Martins est r\u00e9v\u00e9l\u00e9e.<\/p>\n\n\n\n<ul class=\"wp-block-list\">\n<li>Chapitre 1 &#8211; Au bout du temps<\/li>\n\n\n\n<li>Chapitre 2 &#8211; Changement de statut<\/li>\n\n\n\n<li>Chapitre 3 &#8211; \u00c0 propos de Sylvestre et Paul &#8211; Partie 1<\/li>\n\n\n\n<li>Chapitre 4 &#8211; \u00c0 propos de Sylvestre et Paul &#8211; Partie 2<\/li>\n\n\n\n<li>Chapitre 5 &#8211; Moira et Ray<\/li>\n\n\n\n<li>Chapitre 6 &#8211; Un nouveau colocataire<\/li>\n\n\n\n<li>Chapitre 7 &#8211; Le messager<\/li>\n\n\n\n<li>Chapitre 8 &#8211; Tout Permier Rayon de l&rsquo;Anneau d&rsquo;Or &#8211; Premi\u00e8re partie<\/li>\n\n\n\n<li>Chapitre 8 &#8211; Tout Permier Rayon de l&rsquo;Anneau d&rsquo;Or &#8211; Deuxi\u00e8me partie<\/li>\n\n\n\n<li>Chapitre 9 &#8211; Une journ\u00e9e entre filles<\/li>\n\n\n\n<li>Chapitre 10 &#8211; Invitations<\/li>\n\n\n\n<li>Chapitre 11 &#8211; Confidences<\/li>\n\n\n\n<li>Chapitre 12 &#8211; Couronnement et inauguration<\/li>\n\n\n\n<li>Chapitre 13 &#8211; Op\u00e9rations<\/li>\n\n\n\n<li>Chapitre 14 &#8211; Les amis d&rsquo;\u00c9lisa<\/li>\n\n\n\n<li>Chapitre 15 &#8211; Rencontres<\/li>\n\n\n\n<li>Chapitre 16 &#8211; Avant le mariage<\/li>\n\n\n\n<li>Chapitre 17 &#8211; Mariage &#8211; Partie 1<\/li>\n\n\n\n<li>Chaptire 17 &#8211; Mariage &#8211; Partie 2<\/li>\n<\/ul>\n<\/div>\n<\/div>\n<\/div>\n\n\n\n<div data-wp-context=\"{ &quot;autoclose&quot;: false, &quot;accordionItems&quot;: [] }\" data-wp-interactive=\"core\/accordion\" role=\"group\" class=\"wp-block-accordion is-layout-flow wp-block-accordion-is-layout-flow\">\n<div data-wp-class--is-open=\"state.isOpen\" data-wp-context=\"{ &quot;id&quot;: &quot;accordion-item-6&quot;, &quot;openByDefault&quot;: false }\" data-wp-init=\"callbacks.initAccordionItems\" data-wp-on-window--hashchange=\"callbacks.hashChange\" class=\"wp-block-accordion-item is-layout-flow wp-block-accordion-item-is-layout-flow\">\n<h3 class=\"wp-block-accordion-heading\"><button aria-expanded=\"false\" aria-controls=\"accordion-item-6-panel\" data-wp-bind--aria-expanded=\"state.isOpen\" data-wp-on--click=\"actions.toggle\" data-wp-on--keydown=\"actions.handleKeyDown\" id=\"accordion-item-6\" type=\"button\" class=\"wp-block-accordion-heading__toggle\"><span class=\"wp-block-accordion-heading__toggle-title\">Question d&rsquo;identit\u00e9<\/span><span class=\"wp-block-accordion-heading__toggle-icon\" aria-hidden=\"true\">+<\/span><\/button><\/h3>\n\n\n\n<div inert aria-labelledby=\"accordion-item-6\" data-wp-bind--inert=\"!state.isOpen\" id=\"accordion-item-6-panel\" role=\"region\" class=\"wp-block-accordion-panel is-layout-flow wp-block-accordion-panel-is-layout-flow\">\n<p>\u00c9lisa se transforme peu \u00e0 peu<\/p>\n\n\n\n<ul class=\"wp-block-list\">\n<li>Chapitre 1 &#8211; Lune de miel<\/li>\n\n\n\n<li>Chapitre 2 &#8211; De retour \u00e0 la maison<\/li>\n\n\n\n<li>Chapitre 3 &#8211; L&rsquo;app\u00e2t<\/li>\n\n\n\n<li>Chapitre 4 &#8211; Transition<\/li>\n\n\n\n<li>Chapitre 5 &#8211; Le destin de Sylvestre<\/li>\n\n\n\n<li>Chapitre 6 &#8211; La nature de B\u00e9n\u00e9dict<\/li>\n\n\n\n<li>Chapitre 7 &#8211; La mort de B\u00e9n\u00e9dict<\/li>\n\n\n\n<li>Chapitre 8 &#8211; Le destin de Rose<\/li>\n\n\n\n<li>Chapitre 9 &#8211; D&rsquo;une surprise \u00e0 l&rsquo;autre<\/li>\n\n\n\n<li>Chapitre 10 &#8211; De retour sur Dalygaran<\/li>\n\n\n\n<li>Chapitre 11 &#8211; Joshua<\/li>\n\n\n\n<li>Chapitre 12 &#8211; P\u00e8re et fils<\/li>\n\n\n\n<li>Chapitre 13 &#8211; L&rsquo;histoire de l&rsquo;Ermite<\/li>\n\n\n\n<li>Chapitre 14 &#8211; Au revoir B\u00e9n\u00e9dict<\/li>\n\n\n\n<li>Chapitre 15 &#8211; La vie continue<\/li>\n\n\n\n<li>Chapitre 16 &#8211; Une fin<\/li>\n\n\n\n<li>Chapitre 17 &#8211; Mariages<\/li>\n\n\n\n<li>Chapitre 18 &#8211; Une journ\u00e9e sp\u00e9ciale<\/li>\n<\/ul>\n<\/div>\n<\/div>\n<\/div>\n\n\n\n<p><\/p>\n","protected":false},"excerpt":{"rendered":"<p>\u00c9lisa est une jeune-femme du XXVe si\u00e8cle qui n&rsquo;a qu&rsquo;un r\u00eave : voyager dans l&rsquo;espace. Un jour, elle gagne 12 voyages dans l&rsquo;espace gr\u00e2ce \u00e0 une loterie. Le r\u00eave devient r\u00e9alit\u00e9. Mais d\u00e8s sa premi\u00e8re tentative quelque chose cloche :&nbsp;\u00c9lisa&hellip; <a href=\"https:\/\/annierun.net\/blog\/le-cycle-delisa\/\" class=\"more-link\">Continuer la lecture <span class=\"meta-nav\">&rarr;<\/span><\/a><\/p>\n","protected":false},"author":1,"featured_media":822,"parent":0,"menu_order":0,"comment_status":"open","ping_status":"closed","template":"","meta":{"jetpack_post_was_ever_published":false,"footnotes":""},"class_list":["post-349","page","type-page","status-publish","has-post-thumbnail","hentry"],"jetpack_sharing_enabled":true,"jetpack_shortlink":"https:\/\/wp.me\/P4u88f-5D","jetpack-related-posts":[{"id":1892,"url":"https:\/\/annierun.net\/blog\/traductions\/","url_meta":{"origin":349,"position":0},"title":"Traductions","author":"Annie","date":"5 avril 2026","format":false,"excerpt":"Mise \u00e0 part les versions anglaises des chapitres du cycle d'\u00c9lisa, les traductions de ce site ont \u00e9t\u00e9 produites gr\u00e2ce \u00e0 l'intelligence artificielle. Cependant, tous les contenus n'ont pas forc\u00e9ment de traduction.","rel":"","context":"Article similaire","block_context":{"text":"Article similaire","link":""},"img":{"alt_text":"","src":"","width":0,"height":0},"classes":[]},{"id":22,"url":"https:\/\/annierun.net\/blog\/remerciements\/","url_meta":{"origin":349,"position":1},"title":"Remerciements","author":"Annie","date":"28 mars 2014","format":false,"excerpt":"En cliquant sur les + vous saurez pourquoi :)","rel":"","context":"Avec 2 commentaires","block_context":{"text":"Avec 2 commentaires","link":"https:\/\/annierun.net\/blog\/remerciements\/#comments"},"img":{"alt_text":"","src":"","width":0,"height":0},"classes":[]},{"id":26,"url":"https:\/\/annierun.net\/blog\/a-propos-de-lauteur\/","url_meta":{"origin":349,"position":2},"title":"L&rsquo;auteur","author":"Annie","date":"28 mars 2014","format":false,"excerpt":"Bonjour ! Je m'appelle Annie et je suis Fran\u00e7aise. J'habite \u00e0 La R\u00e9union, une \u00eele volcanique de l'Oc\u00e9an Indien. J'ai \u00e9tudi\u00e9 la biologie \u00e0 Paris VII, il y a fort longtemps. Aujourd'hui, je con\u00e7ois et int\u00e8gre des sites web. Je commence ce blog dans ma 50i\u00e8me ann\u00e9e. Cela faisait un\u2026","rel":"","context":"Avec 2 commentaires","block_context":{"text":"Avec 2 commentaires","link":"https:\/\/annierun.net\/blog\/a-propos-de-lauteur\/#comments"},"img":{"alt_text":"Annie Dumont - 50 ans","src":"https:\/\/i0.wp.com\/annierun.net\/blog\/wp-content\/uploads\/2014\/03\/annie-blog.jpg?resize=350%2C200&ssl=1","width":350,"height":200},"classes":[]},{"id":1156,"url":"https:\/\/annierun.net\/blog\/peintures\/","url_meta":{"origin":349,"position":3},"title":"Peintures","author":"Annie","date":"3 janvier 2018","format":false,"excerpt":"Bienvenue dans ma galerie Cliquez sur une image pour la voir dans son int\u00e9gralit\u00e9, et naviguez dans la galerie en utilisant les fl\u00e8ches de c\u00f4t\u00e9. Bonne visite ! La dompteuse de dragon Entrelacements Roche aux Enchantement Transparence Fleurs sauvages Autre monde Cr\u00e9puscule Tempus fugit L'\u00e9tincelle Passage interdimensionnel Monchagne Bulles Un\u2026","rel":"","context":"Avec 1 commentaire","block_context":{"text":"Avec 1 commentaire","link":"https:\/\/annierun.net\/blog\/peintures\/#comments"},"img":{"alt_text":"","src":"https:\/\/i0.wp.com\/annierun.net\/blog\/wp-content\/uploads\/2019\/09\/bulles.jpg?fit=781%2C1200&ssl=1&resize=350%2C200","width":350,"height":200,"srcset":"https:\/\/i0.wp.com\/annierun.net\/blog\/wp-content\/uploads\/2019\/09\/bulles.jpg?fit=781%2C1200&ssl=1&resize=350%2C200 1x, https:\/\/i0.wp.com\/annierun.net\/blog\/wp-content\/uploads\/2019\/09\/bulles.jpg?fit=781%2C1200&ssl=1&resize=525%2C300 1.5x, https:\/\/i0.wp.com\/annierun.net\/blog\/wp-content\/uploads\/2019\/09\/bulles.jpg?fit=781%2C1200&ssl=1&resize=700%2C400 2x"},"classes":[]}],"jetpack_likes_enabled":true,"_links":{"self":[{"href":"https:\/\/annierun.net\/blog\/wp-json\/wp\/v2\/pages\/349","targetHints":{"allow":["GET"]}}],"collection":[{"href":"https:\/\/annierun.net\/blog\/wp-json\/wp\/v2\/pages"}],"about":[{"href":"https:\/\/annierun.net\/blog\/wp-json\/wp\/v2\/types\/page"}],"author":[{"embeddable":true,"href":"https:\/\/annierun.net\/blog\/wp-json\/wp\/v2\/users\/1"}],"replies":[{"embeddable":true,"href":"https:\/\/annierun.net\/blog\/wp-json\/wp\/v2\/comments?post=349"}],"version-history":[{"count":90,"href":"https:\/\/annierun.net\/blog\/wp-json\/wp\/v2\/pages\/349\/revisions"}],"predecessor-version":[{"id":1935,"href":"https:\/\/annierun.net\/blog\/wp-json\/wp\/v2\/pages\/349\/revisions\/1935"}],"wp:featuredmedia":[{"embeddable":true,"href":"https:\/\/annierun.net\/blog\/wp-json\/wp\/v2\/media\/822"}],"wp:attachment":[{"href":"https:\/\/annierun.net\/blog\/wp-json\/wp\/v2\/media?parent=349"}],"curies":[{"name":"wp","href":"https:\/\/api.w.org\/{rel}","templated":true}]}}